{"id":926,"date":"2023-05-11T16:52:14","date_gmt":"2023-05-11T15:52:14","guid":{"rendered":"https:\/\/www.boiljet.com\/?post_type=product&#038;p=926"},"modified":"2026-03-16T20:19:08","modified_gmt":"2026-03-16T19:19:08","slug":"hervidor-portatil-termo-autocalentable","status":"publish","type":"product","link":"https:\/\/www.boiljet.com\/es\/producto\/hervidor-portatil-termo-autocalentable\/","title":{"rendered":"Hervidor el\u00e9ctrico port\u00e1til inal\u00e1mbrico recargable"},"content":{"rendered":"<h1><strong data-spm-anchor-id=\"a2g0o.detail.1000023.i0.27696ee3sNTYB3\">Hervidor port\u00e1til <\/strong><strong id=\"tl_1\" data-spm-anchor-id=\"a2g0o.detail.1000023.i0.27696ee3sNTYB3\">el\u00e9ctrico recargable inal\u00e1mbrico <\/strong><strong id=\"tl_1\" data-spm-anchor-id=\"a2g0o.detail.1000023.i0.27696ee3sNTYB3\">de 400ml<\/strong><br \/>\n<strong id=\"tl_2\"><\/strong><\/h1>\n<p><strong id=\"tl_2\">Especificaci\u00f3n Producto:<\/strong><span id=\"tl_3\"><br \/>\nNombre del producto: Hervidor el\u00e9ctrico<br \/>\nCapacidad: 400ml<br \/>\nAjustes de temperatura: 45 \u2103-55 \u2103-85 \u2103-100 \u2103<br \/>\nCapacidad de la bater\u00eda: 27000Mah<br \/>\nMaterial: silicio de calidad\/acero inoxidable 304<br \/>\nVoltaje de trabajo: 24V<br \/>\nPotencia: 300W<br \/>\nVoltaje del adaptador: CA 100-240V<br \/>\nTiempo de carga: 6 horas<br \/>\nTiempo de calentamiento: solo 8 minutos para hervir agua<\/span><\/p>\n<p>&nbsp;<\/p>\n","protected":false},"excerpt":{"rendered":"<p>Hervidor port\u00e1til el\u00e9ctrico recargable inal\u00e1mbrico de 400ml Especificaci\u00f3n Producto: Nombre del producto: Hervidor el\u00e9ctrico Capacidad: 400ml Ajustes de temperatura: 45 \u2103-55 \u2103-85 \u2103-100 \u2103 Capacidad de la bater\u00eda: 27000Mah Material: silicio de calidad\/acero inoxidable 304 Voltaje de trabajo: 24V Potencia: 300W Voltaje del adaptador: CA 100-240V Tiempo de carga: 6 horas Tiempo de calentamiento: solo [&hellip;]<\/p>\n","protected":false},"featured_media":0,"comment_status":"open","ping_status":"closed","template":"","meta":[],"product_cat":[23],"product_tag":[],"class_list":["post-926","product","type-product","status-publish","hentry","product_cat-botella"],"_links":{"self":[{"href":"https:\/\/www.boiljet.com\/es\/wp-json\/wp\/v2\/product\/926","targetHints":{"allow":["GET"]}}],"collection":[{"href":"https:\/\/www.boiljet.com\/es\/wp-json\/wp\/v2\/product"}],"about":[{"href":"https:\/\/www.boiljet.com\/es\/wp-json\/wp\/v2\/types\/product"}],"replies":[{"embeddable":true,"href":"https:\/\/www.boiljet.com\/es\/wp-json\/wp\/v2\/comments?post=926"}],"version-history":[{"count":4,"href":"https:\/\/www.boiljet.com\/es\/wp-json\/wp\/v2\/product\/926\/revisions"}],"predecessor-version":[{"id":1577,"href":"https:\/\/www.boiljet.com\/es\/wp-json\/wp\/v2\/product\/926\/revisions\/1577"}],"wp:attachment":[{"href":"https:\/\/www.boiljet.com\/es\/wp-json\/wp\/v2\/media?parent=926"}],"wp:term":[{"taxonomy":"product_cat","embeddable":true,"href":"https:\/\/www.boiljet.com\/es\/wp-json\/wp\/v2\/product_cat?post=926"},{"taxonomy":"product_tag","embeddable":true,"href":"https:\/\/www.boiljet.com\/es\/wp-json\/wp\/v2\/product_tag?post=926"}],"curies":[{"name":"wp","href":"https:\/\/api.w.org\/{rel}","templated":true}]}}