{"id":3,"date":"2023-02-03T17:52:20","date_gmt":"2023-02-03T17:52:20","guid":{"rendered":"https:\/\/www.boiljet.com\/?page_id=3"},"modified":"2024-02-11T15:57:18","modified_gmt":"2024-02-11T14:57:18","slug":"politica-privacidad","status":"publish","type":"page","link":"https:\/\/www.boiljet.com\/es\/politica-privacidad\/","title":{"rendered":"Pol\u00edtica de Privacidad"},"content":{"rendered":"\n<p>\u00daltima actualizaci\u00f3n: 11\/02\/2024<\/p>\n\n\n\n<p>Esta Pol\u00edtica de Privacidad describe c\u00f3mo BoilJet (el \u00abSitio\u00bb, \u00abnosotros\u00bb, \u00abnos\u00bb, o \u00abnuestro\u00bb) recopila, utiliza y revela tu informaci\u00f3n personal cuando visitas, utilizas nuestros servicios o realizas una compra en boiljet.com (el \u00abSitio\u00bb) o de otro modo te comunicas con nosotros (colectivamente, los \u00abServicios\u00bb). Para los prop\u00f3sitos de esta Pol\u00edtica de Privacidad, \u00abt\u00fa\u00bb y \u00abtu\u00bb te refieren a ti como usuario de los Servicios, ya seas un cliente, visitante del sitio web u otro individuo cuya informaci\u00f3n hemos recopilado de acuerdo con esta Pol\u00edtica de Privacidad.<\/p>\n\n\n\n<p>Por favor, lee esta Pol\u00edtica de Privacidad cuidadosamente. Al usar y acceder a cualquiera de los Servicios, aceptas la recopilaci\u00f3n, uso y divulgaci\u00f3n de tu informaci\u00f3n como se describe en esta Pol\u00edtica de Privacidad. Si no est\u00e1s de acuerdo con esta Pol\u00edtica de Privacidad, por favor no uses ni accedas a ninguno de los Servicios.<\/p>\n\n\n\n<p>Cambios en Esta Pol\u00edtica de Privacidad Podemos actualizar esta Pol\u00edtica de Privacidad de vez en cuando, incluyendo para reflejar cambios en nuestras pr\u00e1cticas o por otras razones operativas, legales o regulatorias. Publicaremos la Pol\u00edtica de Privacidad revisada en el Sitio, actualizaremos la fecha de \u00ab\u00daltima actualizaci\u00f3n\u00bb y tomaremos cualquier otro paso requerido por la ley aplicable.<\/p>\n\n\n\n<p>C\u00f3mo Recopilamos y Usamos Tu Informaci\u00f3n Personal Para proporcionar los Servicios, recopilamos y hemos recopilado durante los \u00faltimos 12 meses informaci\u00f3n personal sobre ti de una variedad de fuentes, como se detalla a continuaci\u00f3n. La informaci\u00f3n que recopilamos y usamos var\u00eda dependiendo de c\u00f3mo interact\u00faas con nosotros.<\/p>\n\n\n\n<p>Adem\u00e1s de los usos espec\u00edficos establecidos a continuaci\u00f3n, podemos usar la informaci\u00f3n que recopilamos sobre ti para comunicarnos contigo, proporcionar los Servicios, cumplir con cualquier obligaci\u00f3n legal aplicable, hacer cumplir cualquier t\u00e9rmino de servicio aplicable y proteger o defender los Servicios, nuestros derechos y los derechos de nuestros usuarios u otros.<\/p>\n\n\n\n<p>Qu\u00e9 Informaci\u00f3n Personal Recopilamos Los tipos de informaci\u00f3n personal que obtenemos sobre ti dependen de c\u00f3mo interact\u00faas con nuestro Sitio y usas nuestros Servicios. Cuando usamos el t\u00e9rmino \u00abinformaci\u00f3n personal\u00bb, nos referimos a informaci\u00f3n que identifica, se relaciona con, describe o se puede asociar contigo. Las siguientes secciones describen las categor\u00edas y tipos espec\u00edficos de informaci\u00f3n personal que recopilamos.<\/p>\n\n\n\n<p>Informaci\u00f3n que Recopilamos Directamente de Ti La informaci\u00f3n que nos proporcionas directamente a trav\u00e9s de nuestros Servicios puede incluir:<\/p>\n\n\n\n<ul class=\"wp-block-list\">\n<li>Detalles de contacto b\u00e1sicos incluyendo tu nombre, direcci\u00f3n, n\u00famero de tel\u00e9fono, correo electr\u00f3nico.<\/li>\n\n\n\n<li>Informaci\u00f3n del pedido incluyendo tu nombre, direcci\u00f3n de facturaci\u00f3n, direcci\u00f3n de env\u00edo, confirmaci\u00f3n de pago, direcci\u00f3n de correo electr\u00f3nico, n\u00famero de tel\u00e9fono.<\/li>\n\n\n\n<li>Informaci\u00f3n de la cuenta incluyendo tu nombre de usuario, contrase\u00f1a, preguntas de seguridad.<\/li>\n\n\n\n<li>Informaci\u00f3n de compra incluyendo los art\u00edculos que ves, pones en tu carrito o agregas a tu lista de deseos.<\/li>\n\n\n\n<li>Informaci\u00f3n de atenci\u00f3n al cliente incluyendo la informaci\u00f3n que eliges incluir en comunicaciones con nosotros, por ejemplo, cuando env\u00edas un mensaje a trav\u00e9s de los Servicios.<\/li>\n<\/ul>\n\n\n\n<p>Algunas funciones de los Servicios pueden requerir que nos proporciones cierta informaci\u00f3n sobre ti directamente. Puedes optar por no proporcionar esta informaci\u00f3n, pero hacerlo puede impedirte usar o acceder a estas funciones.<\/p>\n\n\n\n<p>Informaci\u00f3n que Recopilamos a trav\u00e9s de Cookies Tambi\u00e9n recopilamos autom\u00e1ticamente cierta informaci\u00f3n sobre tu interacci\u00f3n con los Servicios (\u00abDatos de Uso\u00bb). Para hacer esto, podemos usar cookies, p\u00edxeles y tecnolog\u00edas similares (\u00abCookies\u00bb). Los Datos de Uso pueden incluir informaci\u00f3n sobre c\u00f3mo accedes y usas nuestro Sitio y tu cuenta, incluyendo informaci\u00f3n del dispositivo, informaci\u00f3n del navegador, informaci\u00f3n sobre tu conexi\u00f3n a la red, tu direcci\u00f3n IP y otra informaci\u00f3n relacionada con tu interacci\u00f3n con los Servicios.<\/p>\n\n\n\n<p>Informaci\u00f3n que Obtenemos de Terceros Finalmente, podemos obtener informaci\u00f3n sobre ti de terceros, incluidos proveedores de servicios y vendedores que pueden recopilar informaci\u00f3n en nuestro nombre, tales como:<\/p>\n\n\n\n<ul class=\"wp-block-list\">\n<li>Empresas que apoyan nuestro Sitio y Servicios, como Woocommerce.<\/li>\n\n\n\n<li>Nuestros procesadores de pago, que recopilan informaci\u00f3n de pago (p. ej., informaci\u00f3n de cuenta bancaria, informaci\u00f3n de tarjeta de cr\u00e9dito o d\u00e9bito, direcci\u00f3n de facturaci\u00f3n) para procesar tu pago con el fin de cumplir tus pedidos y proporcionarte productos o servicios que has solicitado, para realizar nuestro contrato contigo.<\/li>\n<\/ul>\n\n\n\n<p>Cuando visitas nuestro Sitio, abres o haces clic en correos electr\u00f3nicos que te enviamos, o interact\u00faas con nuestros Servicios o anuncios, nosotros, o terceros con los que trabajamos, podemos recopilar autom\u00e1ticamente cierta informaci\u00f3n utilizando tecnolog\u00edas de seguimiento en l\u00ednea como p\u00edxeles, balizas web, kits de desarrollo de software, bibliotecas de terceros y cookies.<\/p>\n\n\n\n<p>Cualquier informaci\u00f3n que obtengamos de terceros ser\u00e1 tratada de acuerdo con esta Pol\u00edtica de Privacidad. No somos responsables ni estamos obligados por la precisi\u00f3n de la informaci\u00f3n proporcionada por terceros y no somos responsables de las pol\u00edticas o pr\u00e1cticas de terceros. Para obtener m\u00e1s informaci\u00f3n, consulta la secci\u00f3n a continuaci\u00f3n, Sitios Web de Terceros y Enlaces.<\/p>\n\n\n\n<p>C\u00f3mo Usamos Tu Informaci\u00f3n Personal Proporcionar Productos y Servicios. Usamos tu informaci\u00f3n personal para proporcionarte los Servicios con el fin de realizar nuestro contrato contigo, incluyendo procesar tus pagos, cumplir tus pedidos, enviarte notificaciones relacionadas con tu cuenta, compras, devoluciones, intercambios u otras transacciones, crear, mantener y gestionar tu cuenta, organizar env\u00edos, facilitar devoluciones e intercambios y permitirte publicar rese\u00f1as. Marketing y Publicidad. Usamos tu informaci\u00f3n personal con fines de marketing y promoci\u00f3n, como para enviarte comunicaciones de marketing, publicidad y promocionales por correo electr\u00f3nico, mensaje de texto o correo postal, y para mostrarte anuncios de productos o servicios. Esto puede incluir usar tu informaci\u00f3n personal para adaptar mejor los Servicios y la publicidad en nuestro Sitio y otros sitios web. Seguridad y Prevenci\u00f3n de Fraudes. Usamos tu informaci\u00f3n personal para detectar, investigar o tomar medidas con respecto a posibles actividades fraudulentas, ilegales o maliciosas. Si eliges usar los Servicios y registrar una cuenta, eres responsable de mantener seguras las credenciales de tu cuenta. Recomendamos encarecidamente que no compartas tu nombre de usuario, contrase\u00f1a u otros detalles de acceso con nadie m\u00e1s. Si crees que tu cuenta ha sido comprometida, por favor cont\u00e1ctanos de inmediato. Comunicarnos contigo. Usamos tu informaci\u00f3n personal para proporcionarte atenci\u00f3n al cliente y mejorar nuestros Servicios. Esto est\u00e1 en nuestros intereses leg\u00edtimos para ser receptivos contigo, proporcionarte servicios efectivos y mantener nuestra relaci\u00f3n comercial contigo.<\/p>\n\n\n\n<p>Cookies Como muchos sitios web, usamos Cookies en nuestro Sitio. Para obtener informaci\u00f3n espec\u00edfica sobre las Cookies que usamos relacionadas con el funcionamiento de nuestra tienda con Woocommerce, consulta <a href=\"https:\/\/www.shopify.com\/legal\/cookies\" target=\"_blank\" rel=\"noopener\">https:\/\/www.woocommerce.com\/legal\/cookies<\/a>. Usamos Cookies para potenciar y mejorar nuestro Sitio y nuestros Servicios (incluyendo recordar tus acciones y preferencias), para ejecutar an\u00e1lisis y comprender mejor la interacci\u00f3n del usuario con los Servicios (en nuestros intereses leg\u00edtimos para administrar, mejorar y optimizar los Servicios). Tambi\u00e9n podemos permitir que terceros y proveedores de servicios usen Cookies en nuestro Sitio para adaptar mejor los servicios, productos y publicidad en nuestro Sitio y otros sitios web.<\/p>\n\n\n\n<p>La mayor\u00eda de los navegadores aceptan autom\u00e1ticamente las Cookies por defecto, pero puedes elegir configurar tu navegador para eliminar o rechazar Cookies a trav\u00e9s de los controles de tu navegador. Ten en cuenta que eliminar o bloquear Cookies puede impactar negativamente tu experiencia de usuario y puede causar que algunos de los Servicios, incluyendo ciertas funciones y la funcionalidad general, funcionen incorrectamente o ya no est\u00e9n disponibles. Adem\u00e1s, bloquear Cookies puede no prevenir completamente c\u00f3mo compartimos informaci\u00f3n con terceros como nuestros socios publicitarios.<\/p>\n\n\n\n<p>C\u00f3mo Divulgamos Informaci\u00f3n Personal En ciertas circunstancias, podemos divulgar tu informaci\u00f3n personal a terceros para fines leg\u00edtimos sujetos a esta Pol\u00edtica de Privacidad. Tales circunstancias pueden incluir:<\/p>\n\n\n\n<ul class=\"wp-block-list\">\n<li>Con proveedores u otros terceros que realizan servicios en nuestro nombre (p. ej., gesti\u00f3n de TI, procesamiento de pagos, an\u00e1lisis de datos, soporte al cliente, almacenamiento en la nube, cumplimiento y env\u00edo).<\/li>\n\n\n\n<li>Con socios comerciales y de marketing, incluido Woocommerce, para proporcionar servicios y publicidad para ti. Nuestros socios comerciales y de marketing usar\u00e1n tu informaci\u00f3n de acuerdo con sus propios avisos de privacidad.<\/li>\n\n\n\n<li>Cuando t\u00fa lo dirijas, nos solicites o de otro modo consientas nuestra divulgaci\u00f3n de cierta informaci\u00f3n a terceros, como para enviarte productos o a trav\u00e9s del uso de widgets de redes sociales o integraciones de inicio de sesi\u00f3n, con tu consentimiento.<\/li>\n\n\n\n<li>Con nuestras afiliadas o de otro modo dentro de nuestro grupo corporativo, en nuestros intereses leg\u00edtimos para dirigir un negocio exitoso.<\/li>\n\n\n\n<li>En conexi\u00f3n con una transacci\u00f3n comercial como una fusi\u00f3n o bancarrota, para cumplir con cualquier obligaci\u00f3n legal aplicable (incluyendo para responder a citaciones, \u00f3rdenes de registro y solicitudes similares), para hacer cumplir cualquier t\u00e9rmino de servicio aplicable, y para proteger o defender los Servicios, nuestros derechos y los derechos de nuestros usuarios u otros.<\/li>\n<\/ul>\n\n\n\n<p>Hemos divulgado, en los \u00faltimos 12 meses, las siguientes categor\u00edas de informaci\u00f3n personal e informaci\u00f3n personal sensible (denotada con un *) sobre usuarios para los fines establecidos anteriormente en \u00abC\u00f3mo Recopilamos y Usamos Tu Informaci\u00f3n Personal\u00bb y \u00abC\u00f3mo Divulgamos Informaci\u00f3n Personal\u00bb:<\/p>\n\n\n\n<p>Categor\u00eda Categor\u00edas de Destinatarios Identificadores como detalles de contacto b\u00e1sicos y cierta informaci\u00f3n de pedido y cuenta Informaci\u00f3n comercial como informaci\u00f3n del pedido, informaci\u00f3n de compra e informaci\u00f3n de atenci\u00f3n al cliente Actividad de Internet o de red similar, como Datos de Uso Proveedores y terceros que realizan servicios en nuestro nombre (como proveedores de servicios de Internet, procesadores de pago, socios de cumplimiento y env\u00edo, socios de soporte al cliente y proveedores de an\u00e1lisis de datos) Socios comerciales y de marketing Afiliadas No usamos ni divulgamos informaci\u00f3n personal sensible para fines de inferir caracter\u00edsticas sobre ti.<\/p>\n\n\n\n<p>Contenido Generado por el Usuario Los Servicios pueden permitirte publicar rese\u00f1as de productos y otro contenido generado por el usuario. Si eliges enviar contenido generado por el usuario a cualquier \u00e1rea p\u00fablica de los Servicios, este contenido ser\u00e1 p\u00fablico y accesible por cualquier persona.<\/p>\n\n\n\n<p>No controlamos qui\u00e9n tendr\u00e1 acceso a la informaci\u00f3n que elijas hacer disponible para otros, y no podemos asegurar que las partes que tengan acceso a dicha informaci\u00f3n respetar\u00e1n tu privacidad o la mantendr\u00e1n segura. No somos responsables de la privacidad o seguridad de cualquier informaci\u00f3n que hagas p\u00fablicamente disponible, o por la precisi\u00f3n, uso o mal uso de cualquier informaci\u00f3n que divulgues o recibas de terceros.<\/p>\n\n\n\n<p>Sitios Web de Terceros y Enlaces Nuestro Sitio puede proporcionar enlaces a sitios web u otras plataformas en l\u00ednea operadas por terceros. Si sigues enlaces a sitios no afiliados o controlados por nosotros, deber\u00edas revisar sus pol\u00edticas de privacidad y seguridad y otros t\u00e9rminos y condiciones. No garantizamos y no somos responsables de la privacidad o seguridad de dichos sitios, incluyendo la precisi\u00f3n, integridad o fiabilidad de la informaci\u00f3n encontrada en estos sitios. La informaci\u00f3n que proporcionas en lugares p\u00fablicos o semip\u00fablicos, incluyendo la informaci\u00f3n que compartes en plataformas de redes sociales de terceros, tambi\u00e9n puede ser vista por otros usuarios de los Servicios y\/o usuarios de esas plataformas de terceros sin limitaci\u00f3n en cuanto a su uso por nosotros o por un tercero. Nuestra inclusi\u00f3n de dichos enlaces no implica, por s\u00ed misma, ning\u00fan respaldo al contenido en dichas plataformas o de sus propietarios u operadores, excepto como se divulgue en los Servicios.<\/p>\n\n\n\n<p>Datos de Ni\u00f1os Los Servicios no est\u00e1n destinados a ser utilizados por ni\u00f1os, y no recopilamos conscientemente ninguna informaci\u00f3n personal sobre ni\u00f1os. Si eres el padre o tutor de un ni\u00f1o que nos ha proporcionado su informaci\u00f3n personal, puedes contactarnos utilizando los detalles de contacto a continuaci\u00f3n para solicitar que sea eliminada.<\/p>\n\n\n\n<p>A partir de la Fecha Efectiva de esta Pol\u00edtica de Privacidad, no tenemos conocimiento real de que \u00abcompartimos\u00bb o \u00abvendemos\u00bb (como esos t\u00e9rminos se definen en la ley aplicable) informaci\u00f3n personal de individuos menores de 16 a\u00f1os de edad.<\/p>\n\n\n\n<p>Seguridad y Retenci\u00f3n de Tu Informaci\u00f3n Por favor, ten en cuenta que ninguna medida de seguridad es perfecta o impenetrable, y no podemos garantizar la \u00abseguridad perfecta\u00bb. Adem\u00e1s, cualquier informaci\u00f3n que nos env\u00edes puede no estar segura durante el tr\u00e1nsito. Recomendamos que no uses canales inseguros para comunicar informaci\u00f3n sensible o confidencial con nosotros.<\/p>\n\n\n\n<p>Cu\u00e1nto tiempo retenemos tu informaci\u00f3n personal depende de diferentes factores, como si necesitamos la informaci\u00f3n para mantener tu cuenta, proporcionar los Servicios, cumplir con obligaciones legales, resolver disputas o hacer cumplir otros contratos y pol\u00edticas aplicables.<\/p>\n\n\n\n<p>Tus Derechos y Opciones Dependiendo de d\u00f3nde vivas, puedes tener algunos o todos los derechos listados a continuaci\u00f3n en relaci\u00f3n con tu informaci\u00f3n personal. Sin embargo, estos derechos no son absolutos, pueden aplicarse solo en ciertas circunstancias y, en ciertos casos, podemos rechazar tu solicitud seg\u00fan lo permitido por la ley.<\/p>\n\n\n\n<p>Derecho de Acceso \/ Saber. Puedes tener derecho a solicitar acceso a la informaci\u00f3n personal que mantenemos sobre ti, incluyendo detalles relacionados con las formas en que usamos y compartimos tu informaci\u00f3n. Derecho a Eliminar. Puedes tener derecho a solicitar que eliminemos la informaci\u00f3n personal que mantenemos sobre ti. Derecho a Corregir. Puedes tener derecho a solicitar que corrijamos la informaci\u00f3n personal inexacta que mantenemos sobre ti. Derecho de Portabilidad. Puedes tener derecho a recibir una copia de la informaci\u00f3n personal que mantenemos sobre ti y solicitar que la transfiramos a un tercero, en ciertas circunstancias y con ciertas excepciones. Restricci\u00f3n de Procesamiento: Puedes tener derecho a solicitarnos que detengamos o restrinjamos nuestro procesamiento de la informaci\u00f3n personal. Retiro de Consentimiento: Cuando confiamos en el consentimiento para procesar tu informaci\u00f3n personal, puedes tener derecho a retirar este consentimiento. Apelaci\u00f3n: Puedes tener derecho a apelar nuestra decisi\u00f3n si declinamos procesar tu solicitud. Puedes hacerlo respondiendo directamente a nuestra negativa. Gesti\u00f3n de Preferencias de Comunicaci\u00f3n: Podemos enviarte correos electr\u00f3nicos promocionales, y puedes optar por no recibir estos en cualquier momento usando la opci\u00f3n de cancelaci\u00f3n de suscripci\u00f3n que se muestra en nuestros correos electr\u00f3nicos para ti. Si optas por no recibirlos, a\u00fan podemos enviarte correos electr\u00f3nicos no promocionales, como aquellos sobre tu cuenta o pedidos que hayas realizado.<\/p>\n\n\n\n<p>Puedes ejercer cualquiera de estos derechos donde se indique en nuestro Sitio o contact\u00e1ndonos utilizando los detalles de contacto proporcionados a continuaci\u00f3n.<\/p>\n\n\n\n<p>No discriminaremos contra ti por ejercer cualquiera de estos derechos. Podemos necesitar recopilar informaci\u00f3n de ti para verificar tu identidad, como tu direcci\u00f3n de correo electr\u00f3nico o informaci\u00f3n de cuenta, antes de proporcionar una respuesta sustantiva a la solicitud. De acuerdo con las leyes aplicables, puedes designar a un agente autorizado para realizar solicitudes en tu nombre para ejercer tus derechos. Antes de aceptar tal solicitud de un agente, requeriremos que el agente proporcione prueba de que tienes autorizaci\u00f3n para actuar en tu nombre, y es posible que necesitemos que verifiques tu identidad directamente con nosotros. Responderemos a tu solicitud de manera oportuna seg\u00fan lo requiera la ley aplicable.<\/p>\n\n\n\n<p>Quejas Si tienes quejas sobre c\u00f3mo procesamos tu informaci\u00f3n personal, por favor cont\u00e1ctanos utilizando los detalles de contacto proporcionados a continuaci\u00f3n. Si no est\u00e1s satisfecho con nuestra respuesta a tu queja, dependiendo de d\u00f3nde vivas, puedes tener derecho a apelar nuestra decisi\u00f3n contact\u00e1ndonos utilizando los detalles de contacto proporcionados a continuaci\u00f3n, o presentar tu queja ante tu autoridad local de protecci\u00f3n de datos.<\/p>\n\n\n\n<p>Usuarios Internacionales Ten en cuenta que podemos transferir, almacenar y procesar tu informaci\u00f3n personal fuera del pa\u00eds en el que vives, incluyendo los Estados Unidos. Tu informaci\u00f3n personal tambi\u00e9n es procesada por el personal y proveedores de servicios y socios terceros en estos pa\u00edses.<\/p>\n\n\n\n<p>Si transferimos tu informaci\u00f3n personal fuera de Europa, confiaremos en mecanismos de transferencia reconocidos como las Cl\u00e1usulas Contractuales Est\u00e1ndar de la Comisi\u00f3n Europea, o contratos equivalentes emitidos por la autoridad competente relevante del Reino Unido, seg\u00fan corresponda, a menos que la transferencia de datos sea a un pa\u00eds que se haya determinado que proporciona un nivel adecuado de protecci\u00f3n.<\/p>\n\n\n\n<p>Contacto Si tienes preguntas sobre nuestras pr\u00e1cticas de privacidad o esta Pol\u00edtica de Privacidad, o si deseas ejercer alguno de los derechos disponibles para ti, por favor env\u00edanos un correo electr\u00f3nico a <a>info@boiljet.com<\/a> o cont\u00e1ctanos en BoilJet, direcci\u00f3n de BoilJet.<\/p>\n\n\n\n<p>SMS Valoramos tu privacidad y la informaci\u00f3n que consientes compartir en relaci\u00f3n con nuestro servicio de marketing por SMS. Usamos esta informaci\u00f3n para enviarte notificaciones por texto (para tu pedido, incluyendo recordatorios de carrito abandonado), ofertas de marketing por texto y textos transaccionales, incluyendo solicitudes de rese\u00f1as de nosotros.<\/p>\n\n\n\n<p>Nuestro sitio web usa cookies para llevar un registro de los art\u00edculos que pones en tu carrito de compras, incluyendo cuando has abandonado tu proceso de compra. Esta informaci\u00f3n se usa para determinar cu\u00e1ndo enviar mensajes de recordatorio del carrito por SMS.<\/p>\n","protected":false},"excerpt":{"rendered":"<p>\u00daltima actualizaci\u00f3n: 11\/02\/2024 Esta Pol\u00edtica de Privacidad describe c\u00f3mo BoilJet (el \u00abSitio\u00bb, \u00abnosotros\u00bb, \u00abnos\u00bb, o \u00abnuestro\u00bb) recopila, utiliza y revela tu informaci\u00f3n personal cuando visitas, utilizas nuestros servicios o realizas una compra en boiljet.com (el \u00abSitio\u00bb) o de otro modo te comunicas con nosotros (colectivamente, los \u00abServicios\u00bb). Para los prop\u00f3sitos de esta Pol\u00edtica de Privacidad, [&hellip;]<\/p>\n","protected":false},"author":2,"featured_media":0,"parent":0,"menu_order":0,"comment_status":"closed","ping_status":"closed","template":"","meta":{"footnotes":""},"class_list":["post-3","page","type-page","status-publish","hentry"],"_links":{"self":[{"href":"https:\/\/www.boiljet.com\/es\/wp-json\/wp\/v2\/pages\/3","targetHints":{"allow":["GET"]}}],"collection":[{"href":"https:\/\/www.boiljet.com\/es\/wp-json\/wp\/v2\/pages"}],"about":[{"href":"https:\/\/www.boiljet.com\/es\/wp-json\/wp\/v2\/types\/page"}],"author":[{"embeddable":true,"href":"https:\/\/www.boiljet.com\/es\/wp-json\/wp\/v2\/users\/2"}],"replies":[{"embeddable":true,"href":"https:\/\/www.boiljet.com\/es\/wp-json\/wp\/v2\/comments?post=3"}],"version-history":[{"count":4,"href":"https:\/\/www.boiljet.com\/es\/wp-json\/wp\/v2\/pages\/3\/revisions"}],"predecessor-version":[{"id":2175,"href":"https:\/\/www.boiljet.com\/es\/wp-json\/wp\/v2\/pages\/3\/revisions\/2175"}],"wp:attachment":[{"href":"https:\/\/www.boiljet.com\/es\/wp-json\/wp\/v2\/media?parent=3"}],"curies":[{"name":"wp","href":"https:\/\/api.w.org\/{rel}","templated":true}]}}