{"id":2176,"date":"2024-02-11T16:09:12","date_gmt":"2024-02-11T15:09:12","guid":{"rendered":"https:\/\/www.boiljet.com\/?page_id=2176"},"modified":"2024-02-11T16:09:42","modified_gmt":"2024-02-11T15:09:42","slug":"politica-de-envios-y-devoluciones","status":"publish","type":"page","link":"https:\/\/www.boiljet.com\/es\/politica-de-envios-y-devoluciones\/","title":{"rendered":"Pol\u00edtica de Env\u00edos y Devoluciones"},"content":{"rendered":"\n<p>BoilJet acepta con gusto devoluciones de Mercanc\u00eda en su condici\u00f3n original y sin usar, comprada en nuestra web dentro de los 60 d\u00edas despu\u00e9s de recibir tu compra. Los reembolsos se realizar\u00e1n en la forma del pago original, a menos que acordemos acreditar un tipo de pago diferente.<\/p>\n\n\n\n<p>Si recibes un producto defectuoso, por favor contacta inmediatamente a nuestro equipo de servicio al cliente en <a>info@boiljet.com<\/a>. Es esencial reportar cualquier tipo de da\u00f1o o defecto para poder realizar un cambio o reembolso.<\/p>\n\n\n\n<p>En BoilJet no reembolsamos ni cambiamos ning\u00fan producto afectado por circunstancias fuera de nuestro control. Esto incluye da\u00f1os o negligencia una vez que los productos han sido entregados, almacenamiento de productos en, as\u00ed como da\u00f1os infligidos por terceros.<\/p>\n\n\n\n<p>Cont\u00e1ctanos: Correo electr\u00f3nico: <a>info@boiljet.com<\/a><\/p>\n\n\n\n<p>*En per\u00edodos especiales (Navidad, promociones y\/o acciones espec\u00edficas), los tiempos de entrega, cambio y devoluci\u00f3n pueden aumentarse.<\/p>\n\n\n\n<p>Costos de Env\u00edo en Europa y Reino Unido<\/p>\n\n\n\n<ul class=\"wp-block-list\">\n<li>Irlanda e Irlanda del Norte: 24\/48 horas \u2013 Costo: Gratuito<\/li>\n\n\n\n<li>Reino Unido (Inglaterra, Escocia, Gales): 48\/72 horas \u2013 Costo: \u00a3 5,90<\/li>\n\n\n\n<li>Resto de Europa: 9-12 d\u00edas laborables \u2013 Costo: 6,95\u20ac<\/li>\n<\/ul>\n\n\n\n<p>Costos de Env\u00edo Internacionales:<\/p>\n\n\n\n<ul class=\"wp-block-list\">\n<li>Resto del mundo: 9-12 d\u00edas laborables \u2013 6,95\u20ac<\/li>\n<\/ul>\n\n\n\n<p>Para los env\u00edos dentro de Irlanda, Irlanda del Norte y Gran Breta\u00f1a, utilizamos An Post como nuestro transportista principal. Para env\u00edos al resto del mundo, utilizamos diferentes transportistas internacionales de confianza para asegurar la entrega de tus productos de manera eficiente y segura. Lamentamos informarte que no cubrimos el costo del franqueo de la devoluci\u00f3n ni las etiquetas de devoluci\u00f3n.<\/p>\n","protected":false},"excerpt":{"rendered":"<p>BoilJet acepta con gusto devoluciones de Mercanc\u00eda en su condici\u00f3n original y sin usar, comprada en nuestra web dentro de los 60 d\u00edas despu\u00e9s de recibir tu compra. Los reembolsos se realizar\u00e1n en la forma del pago original, a menos que acordemos acreditar un tipo de pago diferente. Si recibes un producto defectuoso, por favor [&hellip;]<\/p>\n","protected":false},"author":2,"featured_media":0,"parent":0,"menu_order":0,"comment_status":"closed","ping_status":"closed","template":"","meta":{"footnotes":""},"class_list":["post-2176","page","type-page","status-publish","hentry"],"_links":{"self":[{"href":"https:\/\/www.boiljet.com\/es\/wp-json\/wp\/v2\/pages\/2176","targetHints":{"allow":["GET"]}}],"collection":[{"href":"https:\/\/www.boiljet.com\/es\/wp-json\/wp\/v2\/pages"}],"about":[{"href":"https:\/\/www.boiljet.com\/es\/wp-json\/wp\/v2\/types\/page"}],"author":[{"embeddable":true,"href":"https:\/\/www.boiljet.com\/es\/wp-json\/wp\/v2\/users\/2"}],"replies":[{"embeddable":true,"href":"https:\/\/www.boiljet.com\/es\/wp-json\/wp\/v2\/comments?post=2176"}],"version-history":[{"count":1,"href":"https:\/\/www.boiljet.com\/es\/wp-json\/wp\/v2\/pages\/2176\/revisions"}],"predecessor-version":[{"id":2177,"href":"https:\/\/www.boiljet.com\/es\/wp-json\/wp\/v2\/pages\/2176\/revisions\/2177"}],"wp:attachment":[{"href":"https:\/\/www.boiljet.com\/es\/wp-json\/wp\/v2\/media?parent=2176"}],"curies":[{"name":"wp","href":"https:\/\/api.w.org\/{rel}","templated":true}]}}